{"id":5490,"date":"2025-09-23T18:02:24","date_gmt":"2025-09-23T16:02:24","guid":{"rendered":"https:\/\/www.heikegail.ch\/?page_id=5490"},"modified":"2025-09-23T18:11:50","modified_gmt":"2025-09-23T16:11:50","slug":"selbstfuersorge-test","status":"publish","type":"page","link":"https:\/\/www.heikegail.ch\/index.php\/about_inhalte-fuer-startseite\/selbstfuersorge-test\/","title":{"rendered":"Selbstf\u00fcrsorge im Pflegealltag"},"content":{"rendered":"<div class=\"wpb-content-wrapper\"><p>[vc_row][vc_column][vc_column_text css=&#8221;&#8221;]<\/p>\n<h2>Selbstf\u00fcrsorge im Pflegealltag<\/h2>\n<p>Wer t\u00e4glich f\u00fcr andere sorgt, braucht auch selbst Raum zum Auftanken. Doch gerade im Berufsalltag bleibt oft zu wenig Raum f\u00fcr das eigene Wohlbefinden. Meine Workshops laden dazu ein, innezuhalten, durchzuatmen und sich wieder mit dem Wesentlichen zu verbinden.<\/p>\n<p>Wer gut f\u00fcr sich selbst sorgt, kann langfristig auch gut f\u00fcr andere da sein.[\/vc_column_text][\/vc_column][\/vc_row][vc_row][vc_column][vc_btn title=&#8221;Mehr Information&#8221; style=&#8221;flat&#8221; shape=&#8221;round&#8221; color=&#8221;purple&#8221; i_align=&#8221;right&#8221; i_type=&#8221;entypo&#8221; i_icon_entypo=&#8221;entypo-icon entypo-icon-right-open&#8221; css_animation=&#8221;fadeInDown&#8221; css=&#8221;&#8221; add_icon=&#8221;true&#8221; link=&#8221;url:https%3A%2F%2Fwww.heikegail.ch%2Findex.php%2Fselbstfuersorge-im-pflegealltag%2F|title:Angebot%20Institutionen&#8221;][\/vc_column][\/vc_row]<\/p>\n<\/div>","protected":false},"excerpt":{"rendered":"<p>[vc_row][vc_column][vc_column_text css=&#8221;&#8221;] Selbstf\u00fcrsorge im Pflegealltag Wer t\u00e4glich f\u00fcr andere sorgt, braucht auch selbst Raum zum Auftanken. Doch gerade im Berufsalltag bleibt oft zu wenig Raum f\u00fcr das eigene Wohlbefinden. Meine &hellip; <\/p>\n","protected":false},"author":1,"featured_media":2272,"parent":3943,"menu_order":0,"comment_status":"closed","ping_status":"closed","template":"","meta":{"_monsterinsights_skip_tracking":false,"_monsterinsights_sitenote_active":false,"_monsterinsights_sitenote_note":"","_monsterinsights_sitenote_category":0,"footnotes":""},"class_list":["post-5490","page","type-page","status-publish","has-post-thumbnail","hentry","latest_post"],"_links":{"self":[{"href":"https:\/\/www.heikegail.ch\/index.php\/wp-json\/wp\/v2\/pages\/5490","targetHints":{"allow":["GET"]}}],"collection":[{"href":"https:\/\/www.heikegail.ch\/index.php\/wp-json\/wp\/v2\/pages"}],"about":[{"href":"https:\/\/www.heikegail.ch\/index.php\/wp-json\/wp\/v2\/types\/page"}],"author":[{"embeddable":true,"href":"https:\/\/www.heikegail.ch\/index.php\/wp-json\/wp\/v2\/users\/1"}],"replies":[{"embeddable":true,"href":"https:\/\/www.heikegail.ch\/index.php\/wp-json\/wp\/v2\/comments?post=5490"}],"version-history":[{"count":3,"href":"https:\/\/www.heikegail.ch\/index.php\/wp-json\/wp\/v2\/pages\/5490\/revisions"}],"predecessor-version":[{"id":5494,"href":"https:\/\/www.heikegail.ch\/index.php\/wp-json\/wp\/v2\/pages\/5490\/revisions\/5494"}],"up":[{"embeddable":true,"href":"https:\/\/www.heikegail.ch\/index.php\/wp-json\/wp\/v2\/pages\/3943"}],"wp:featuredmedia":[{"embeddable":true,"href":"https:\/\/www.heikegail.ch\/index.php\/wp-json\/wp\/v2\/media\/2272"}],"wp:attachment":[{"href":"https:\/\/www.heikegail.ch\/index.php\/wp-json\/wp\/v2\/media?parent=5490"}],"curies":[{"name":"wp","href":"https:\/\/api.w.org\/{rel}","templated":true}]}}