{"id":4624,"date":"2025-08-07T11:25:54","date_gmt":"2025-08-07T09:25:54","guid":{"rendered":"https:\/\/gesund.heikegail.ch\/?page_id=4624"},"modified":"2025-08-23T12:19:46","modified_gmt":"2025-08-23T10:19:46","slug":"praxisinformationen","status":"publish","type":"page","link":"https:\/\/www.heikegail.ch\/index.php\/praxis\/praxisinformationen\/","title":{"rendered":"Praxisinformationen"},"content":{"rendered":"<div class=\"wpb-content-wrapper\"><p>[vc_row][vc_column][vc_empty_space][vc_empty_space][\/vc_column][\/vc_row][vc_row][vc_column width=&#8221;1\/2&#8243;][vc_column_text css=&#8221;&#8221;]<\/p>\n<p class=\"paragraphf23d61d4718a83b6\"><strong>Kosten:<br \/>\n<\/strong>Mein Ansatz f\u00fcr eine Behandlung \/ Beratung betr\u00e4gt CHF 120 pro Stunde. Die Behandlung wird in bar oder per Twint bezahlt,<br \/>\nsofern nichts anderes vereinbart wurde.<br \/>\nIch verrechne, wie in der Alternativmedizin seit 2017 \u00fcblich, die Zeit nach Aufwand, in den \u00fcblichen 5 Minuten-Schritten.<\/p>\n<p>[\/vc_column_text][vc_column_text][\/vc_column_text][\/vc_column][vc_column width=&#8221;1\/2&#8243;][vc_column_text css=&#8221;&#8221;]<strong>Krankenkasse:<\/strong><br \/>\nIch bin \u00fcber das EMR und die EGK Krankenkassen anerkannt.<br \/>\nDie Zusatzversicherungen f\u00fcr Alternativ-\/Komplement\u00e4rmedizin beteiligen sich an den Kosten, dies h\u00e4ngt jedoch von der pers\u00f6nlichen Police ab. Bei Unsicherheiten informieren Sie sich bitte vorg\u00e4ngig bei Ihrer Krankenkasse (Zusatzversicherung).<\/p>\n<p>&nbsp;<\/p>\n<p>[\/vc_column_text][\/vc_column][\/vc_row][vc_row][vc_column width=&#8221;1\/2&#8243;][vc_column_text css=&#8221;&#8221;]<strong>Mitgliedschaften:<\/strong><br \/>\nEMR (Erfahrung Medizinisches Register)<br \/>\nEGK<br \/>\nPolarityverband Schweiz<\/p>\n<p><strong>Meine ZSR Nr.: Z765060<\/strong><\/p>\n<p>[\/vc_column_text][vc_column_text][\/vc_column_text][vc_column_text][\/vc_column_text][\/vc_column][vc_column width=&#8221;1\/2&#8243;][vc_column_text css=&#8221;&#8221;]<strong>Verhinderungsfall:<\/strong><br \/>\nIm Verhinderungsfalle bitte ich Sie 24 Stunden vorher um eine telefonische Abmeldung.<\/p>\n<p><strong>Hausbesuche m\u00f6glich:<br \/>\n<\/strong>Wegpauschale wird pro km \/ 0.70 Rp. zus\u00e4tzlich verrechnet[\/vc_column_text][\/vc_column][\/vc_row][vc_row][vc_column][\/vc_column][\/vc_row][vc_section full_width=&#8221;stretch_row&#8221; css=&#8221;.vc_custom_1754509985632{padding-top: 50px !important;padding-bottom: 40px !important;background-color: #fffdea !important;}&#8221; el_class=&#8221;boxNegativ&#8221;][vc_row][vc_column][vc_column_text css=&#8221;.vc_custom_1755944385108{margin-bottom: 50px !important;padding-right: 50px !important;padding-left: 50px !important;}&#8221; el_class=&#8221;negativ&#8221;]<\/p>\n<h2 style=\"text-align: left;\"><span style=\"color: #662483;\"><strong>Geschenkgutscheine<\/strong><\/span><\/h2>\n<h3 style=\"text-align: left;\"><span style=\"color: #662483;\">M\u00f6chtest Du Gesundheit, Zeit und Wohlbefinden schenken?<br \/>\nIch stelle Dir gerne einen Gutschein aus.<br \/>\n<\/span><\/h3>\n<p>[\/vc_column_text][\/vc_column][\/vc_row][\/vc_section]<\/p>\n<\/div>","protected":false},"excerpt":{"rendered":"<p>[vc_row][vc_column][vc_empty_space][vc_empty_space][\/vc_column][\/vc_row][vc_row][vc_column width=&#8221;1\/2&#8243;][vc_column_text css=&#8221;&#8221;] Kosten: Mein Ansatz f\u00fcr eine Behandlung \/ Beratung betr\u00e4gt CHF 120 pro Stunde. Die Behandlung wird in bar oder per Twint bezahlt, sofern nichts anderes vereinbart wurde. &hellip; <\/p>\n","protected":false},"author":3,"featured_media":3629,"parent":955,"menu_order":0,"comment_status":"closed","ping_status":"closed","template":"","meta":{"_monsterinsights_skip_tracking":false,"_monsterinsights_sitenote_active":false,"_monsterinsights_sitenote_note":"","_monsterinsights_sitenote_category":0,"footnotes":""},"class_list":["post-4624","page","type-page","status-publish","has-post-thumbnail","hentry","latest_post"],"_links":{"self":[{"href":"https:\/\/www.heikegail.ch\/index.php\/wp-json\/wp\/v2\/pages\/4624","targetHints":{"allow":["GET"]}}],"collection":[{"href":"https:\/\/www.heikegail.ch\/index.php\/wp-json\/wp\/v2\/pages"}],"about":[{"href":"https:\/\/www.heikegail.ch\/index.php\/wp-json\/wp\/v2\/types\/page"}],"author":[{"embeddable":true,"href":"https:\/\/www.heikegail.ch\/index.php\/wp-json\/wp\/v2\/users\/3"}],"replies":[{"embeddable":true,"href":"https:\/\/www.heikegail.ch\/index.php\/wp-json\/wp\/v2\/comments?post=4624"}],"version-history":[{"count":3,"href":"https:\/\/www.heikegail.ch\/index.php\/wp-json\/wp\/v2\/pages\/4624\/revisions"}],"predecessor-version":[{"id":5137,"href":"https:\/\/www.heikegail.ch\/index.php\/wp-json\/wp\/v2\/pages\/4624\/revisions\/5137"}],"up":[{"embeddable":true,"href":"https:\/\/www.heikegail.ch\/index.php\/wp-json\/wp\/v2\/pages\/955"}],"wp:featuredmedia":[{"embeddable":true,"href":"https:\/\/www.heikegail.ch\/index.php\/wp-json\/wp\/v2\/media\/3629"}],"wp:attachment":[{"href":"https:\/\/www.heikegail.ch\/index.php\/wp-json\/wp\/v2\/media?parent=4624"}],"curies":[{"name":"wp","href":"https:\/\/api.w.org\/{rel}","templated":true}]}}