{"id":3805,"date":"2025-06-30T14:30:16","date_gmt":"2025-06-30T12:30:16","guid":{"rendered":"https:\/\/gesund.heikegail.ch\/?page_id=3805"},"modified":"2025-08-23T12:13:13","modified_gmt":"2025-08-23T10:13:13","slug":"philosophie","status":"publish","type":"page","link":"https:\/\/www.heikegail.ch\/index.php\/praxis\/philosophie\/","title":{"rendered":"Philosophie"},"content":{"rendered":"<div class=\"wpb-content-wrapper\"><p>[vc_section full_width=&#8221;stretch_row&#8221; css=&#8221;.vc_custom_1567677488509{margin-top: 0px !important;margin-bottom: 100px !important;}&#8221;][vc_row content_placement=&#8221;middle&#8221;][vc_column css=&#8221;.vc_custom_1562588571366{margin-top: 50px !important;margin-bottom: 70px !important;padding-right: 50px !important;padding-left: 50px !important;}&#8221;][vc_column_text css=&#8221;&#8221;]<\/p>\n<h2 style=\"text-align: center;\"><strong>Meine Vorstellung von Gesundheit und Wohlbefinden<\/strong><\/h2>\n<h3 style=\"text-align: center;\">Selbstfu\u0308rsorge ist kein Luxus, sondern eine Haltung, die uns erlaubt, K\u00f6rper, Geist und Seele in Einklang zu bringen.<\/h3>\n<p>[\/vc_column_text][\/vc_column][\/vc_row][vc_row][vc_column][vc_column_text css=&#8221;&#8221;]<\/p>\n<h5>Gesundheit im Gleichgewicht<\/h5>\n<p>Den wahren Wert von Gesundheit erfahren wir oft erst, wenn wir krank werden. Dann erkennen wir, wie selbstverst\u00e4ndlich es ist, uns schmerzfrei zu bewegen, voller Energie zu stecken und das Leben in seiner F\u00fclle zu geniessen. Die meisten Krankheiten kommen und gehen wieder vorbei. Sie k\u00f6nnen Hinweise f\u00fcr ein Ungleichgewicht sein.<\/p>\n<p>In einer Welt, die von stetiger Beschleunigung, Stress, Hektik, Leistungsdruck und digitaler Dauerverfu\u0308gbarkeit gepr\u00e4gt ist, passiert es immer \u00f6fter, das wir vergessen, wie wichtig es ist, sich selbst Raum und Aufmerksamkeit zu schenken. <strong>Der Satz \u00abIch bin es mir wert\u00bb soll dabei als Leitsatz dienen.<\/strong> Er l\u00e4dt uns ein, Verantwortung fu\u0308r unser eigenes Wohlbefinden zu u\u0308bernehmen und Selbstfu\u0308rsorge als t\u00e4gliche Wertsch\u00e4tzung fu\u0308r uns selbst zu verstehen.<\/p>\n<p>[\/vc_column_text][vc_column_text][\/vc_column_text][\/vc_column][\/vc_row][vc_row][vc_column][vc_column_text css=&#8221;&#8221;]<\/p>\n<h5><strong>Menschlich, Achtsam, Lebensnah<br \/>\n<\/strong><\/h5>\n<p>In den vergangenen Jahrzehnten durfte ich mein Fachwissen im Bereich, Bewegung, Achtsamkeit, Selbstf\u00fcrsorge, Resilienz und positiver Psychologie vertiefen, erg\u00e4nzt durch wissenschaftlich fundierte Erkenntnisse und langj\u00e4hrige Praxiserfahrung.<\/p>\n<p>Mein Ansatz verbindet Fachwissen mit Herz, K\u00f6rperarbeit mit innerer Klarheit und l\u00e4dt ein zu einem liebvollen, bewussten Umgang mit sich selbst. Ich unterst\u00fctze die Menschen dabei, ihre Gesundheit zu st\u00e4rken, in ihre Kraft zu kommen und ihren eigenen Weg zu gehen &#8211; mit Freude, Tiefe und Wertsch\u00e4tzung.[\/vc_column_text][vc_column_text css=&#8221;&#8221;]<\/p>\n<h5>Meine Arbeit ist gepr\u00e4gt von:<\/h5>\n<p>Achtsamkeit, Verbundenheit, Klarheit, Herzpr\u00e4senz, Eigenverantwortung[\/vc_column_text][\/vc_column][\/vc_row][\/vc_section][vc_section full_width=&#8221;stretch_row&#8221; css=&#8221;.vc_custom_1562600942568{padding-top: 50px !important;padding-bottom: 40px !important;background-color: #662483 !important;}&#8221; el_class=&#8221;boxNegativ&#8221;][vc_row][vc_column][vc_column_text css=&#8221;&#8221;]<\/p>\n<h3 style=\"text-align: center;\"><span style=\"color: #ffffff;\"><strong>L.I.E.B.E.<\/strong> = Leben ist emotional bewegte Energie<\/span><\/h3>\n<p>[\/vc_column_text][\/vc_column][\/vc_row][\/vc_section]<\/p>\n<\/div>","protected":false},"excerpt":{"rendered":"<p>[vc_section full_width=&#8221;stretch_row&#8221; css=&#8221;.vc_custom_1567677488509{margin-top: 0px !important;margin-bottom: 100px !important;}&#8221;][vc_row content_placement=&#8221;middle&#8221;][vc_column css=&#8221;.vc_custom_1562588571366{margin-top: 50px !important;margin-bottom: 70px !important;padding-right: 50px !important;padding-left: 50px !important;}&#8221;][vc_column_text css=&#8221;&#8221;] Meine Vorstellung von Gesundheit und Wohlbefinden Selbstfu\u0308rsorge ist kein Luxus, sondern eine &hellip; <\/p>\n","protected":false},"author":3,"featured_media":3629,"parent":955,"menu_order":0,"comment_status":"closed","ping_status":"closed","template":"","meta":{"_monsterinsights_skip_tracking":false,"_monsterinsights_sitenote_active":false,"_monsterinsights_sitenote_note":"","_monsterinsights_sitenote_category":0,"footnotes":""},"class_list":["post-3805","page","type-page","status-publish","has-post-thumbnail","hentry","latest_post"],"_links":{"self":[{"href":"https:\/\/www.heikegail.ch\/index.php\/wp-json\/wp\/v2\/pages\/3805","targetHints":{"allow":["GET"]}}],"collection":[{"href":"https:\/\/www.heikegail.ch\/index.php\/wp-json\/wp\/v2\/pages"}],"about":[{"href":"https:\/\/www.heikegail.ch\/index.php\/wp-json\/wp\/v2\/types\/page"}],"author":[{"embeddable":true,"href":"https:\/\/www.heikegail.ch\/index.php\/wp-json\/wp\/v2\/users\/3"}],"replies":[{"embeddable":true,"href":"https:\/\/www.heikegail.ch\/index.php\/wp-json\/wp\/v2\/comments?post=3805"}],"version-history":[{"count":16,"href":"https:\/\/www.heikegail.ch\/index.php\/wp-json\/wp\/v2\/pages\/3805\/revisions"}],"predecessor-version":[{"id":5134,"href":"https:\/\/www.heikegail.ch\/index.php\/wp-json\/wp\/v2\/pages\/3805\/revisions\/5134"}],"up":[{"embeddable":true,"href":"https:\/\/www.heikegail.ch\/index.php\/wp-json\/wp\/v2\/pages\/955"}],"wp:featuredmedia":[{"embeddable":true,"href":"https:\/\/www.heikegail.ch\/index.php\/wp-json\/wp\/v2\/media\/3629"}],"wp:attachment":[{"href":"https:\/\/www.heikegail.ch\/index.php\/wp-json\/wp\/v2\/media?parent=3805"}],"curies":[{"name":"wp","href":"https:\/\/api.w.org\/{rel}","templated":true}]}}