{"id":2658,"date":"2020-08-31T17:35:15","date_gmt":"2020-08-31T15:35:15","guid":{"rendered":"https:\/\/www.heikegail.ch\/?page_id=2658"},"modified":"2025-08-24T21:10:14","modified_gmt":"2025-08-24T19:10:14","slug":"libscher-und-bracht","status":"publish","type":"page","link":"https:\/\/www.heikegail.ch\/index.php\/libscher-und-bracht\/","title":{"rendered":"Schmerztherapie nach Liebscher &#038; Bracht"},"content":{"rendered":"<div class=\"wpb-content-wrapper\"><p>[vc_section full_width=&#8221;stretch_row&#8221; full_height=&#8221;yes&#8221; css=&#8221;.vc_custom_1753736925311{padding-bottom: 50px !important;background-color: #FFFFFF !important;}&#8221;][vc_row content_placement=&#8221;middle&#8221;][vc_column css=&#8221;.vc_custom_1562588571366{margin-top: 50px !important;margin-bottom: 70px !important;padding-right: 50px !important;padding-left: 50px !important;}&#8221;][vc_column_text css=&#8221;&#8221;]<\/p>\n<h2 style=\"text-align: center;\">Schmerzfrei(er) bewegen = mehr Lebensqualit\u00e4t<\/h2>\n<h3 style=\"text-align: center;\">Individuelle Schmerz- und Bewegungstherapie \u2013 wissenschaftlich fundiert, erfahrungsbasiert und pers\u00f6nlich begleitet. F\u00fcr mehr Lebensqualit\u00e4t, Beweglichkeit und neue Energie.<\/h3>\n<p>[\/vc_column_text][\/vc_column][\/vc_row][vc_row full_width=&#8221;stretch_row&#8221; css=&#8221;.vc_custom_1753737067327{background-color: #E8DEF2 !important;}&#8221;][vc_column width=&#8221;1\/2&#8243;][vc_column_text css=&#8221;&#8221;]<\/p>\n<div class=\"col medium-10 small-12 large-10\">\n<div class=\"col-inner\">\n<div class=\"contentgroup__heading \">\n<h4><span class=\"wysiwyg-font-size-24\">Was ist Osteopressur?<\/span><\/h4>\n<p>&nbsp;<\/p><\/div>\n<div class=\"contentgroup__body \">\n<p>Die Osteopressur ist das Herzst\u00fcck der Liebscher &amp; Bracht-Therapie. Sie basiert auf der gezielten Druckbehandlung von 72 definierten Knochenpunkten, die \u00fcber sogenannte interstitielle Rezeptoren mit dem zentralen Nervensystem kommunizieren.<br \/>\nDas Ziel: das Schmerzprogramm im Gehirn beeinflussen \u2013 nicht nur die Symptome, sondern die Ursache der meisten Schmerzen direkt dort behandeln, wo sie entstehen.<\/p>\n<p>&nbsp;<\/p><\/div>\n<\/div>\n<\/div>\n<p>[\/vc_column_text][\/vc_column][vc_column width=&#8221;1\/2&#8243;][vc_column_text css=&#8221;&#8221;]<\/p>\n<div class=\"contentgroup__heading \">\n<h4><span class=\"wysiwyg-font-size-24\">Warum gilt Osteopressur als revolution\u00e4r?<\/span><\/h4>\n<\/div>\n<div class=\"contentgroup__body \">\n<p>&nbsp;<\/p>\n<p>Die Erkenntnis: In \u00fcber 90\u202f% der F\u00e4lle handelt es sich nicht um strukturelle Sch\u00e4den als Schmerzursache \u2013 sondern um muskul\u00e4r-fasziale \u00dcberspannungen.<\/p><\/div>\n<p>[\/vc_column_text][\/vc_column][\/vc_row][vc_row][vc_column][vc_column_text css=&#8221;&#8221;]<\/p>\n<div class=\"col medium-10 small-12 large-10\">\n<div class=\"col-inner\">\n<div class=\"contentgroup__heading \">\n<h4><span class=\"wysiwyg-font-size-20\">Warum das neue Schmerzverst\u00e4ndnis wirkt<\/span><\/h4>\n<p>&nbsp;<\/p><\/div>\n<div class=\"contentgroup__body \">\n<p>Statt nur Symptome zu behandeln, setzt dieses Ansatz an der tats\u00e4chlichen Ursache an: den \u00fcberh\u00f6hten Spannungen in Muskeln und Faszien.<br \/>\nDurch gezielte manuelle Techniken und individuell abgestimmte \u00dcbungen kann der Spannungszustand im Gewebe normalisiert werden.<\/p>\n<p><strong>Das Ziel:<\/strong> Den Schmerz dort zu l\u00f6sen, wo er wirklich entsteht \u2013 und dem K\u00f6rper wieder mehr Bewegungsfreiheit und Belastbarkeit zur\u00fcckzugeben.<\/div>\n<\/div>\n<\/div>\n<p>[\/vc_column_text][\/vc_column][\/vc_row][vc_row full_width=&#8221;stretch_row&#8221; css=&#8221;.vc_custom_1753737089915{margin-top: 50px !important;margin-bottom: 0px !important;background-color: #E8DEF2 !important;}&#8221;][vc_column][vc_column_text css=&#8221;&#8221;]<\/p>\n<h4 style=\"text-align: left;\">Dein Wohlbefinden ist mein Ziel, welches ich mit Dir erreichen m\u00f6chte.<\/h4>\n<p>[\/vc_column_text][vc_btn title=&#8221;Aktuelle Kursdaten \u00bb&#8221; style=&#8221;classic&#8221; shape=&#8221;square&#8221; color=&#8221;default&#8221; align=&#8221;left&#8221; css_animation=&#8221;fadeInDown&#8221; css=&#8221;.vc_custom_1755784273424{border-bottom-width: 20px !important;padding-top: 20px !important;}&#8221; link=&#8221;url:https%3A%2F%2Fwww.heikegail.ch%2Findex.php%2Fangebot-einzelpersonen-2%2Fangebot-einzelpersonen%2Fbewegung-beweglichkeit-lb-training%2F&#8221;][\/vc_column][\/vc_row][\/vc_section][vc_section full_width=&#8221;stretch_row&#8221; css=&#8221;.vc_custom_1562595710368{padding-top: 40px !important;padding-bottom: 40px !important;background-color: #fffdea !important;}&#8221;][vc_row][vc_column][vc_column_text css=&#8221;&#8221;]<\/p>\n<h2>Online Terminanfrage<\/h2>\n<p>Du m\u00f6chest einen Termin abmachen?<br \/>\nSenden mir ein kurzes Mail mit deinen W\u00fcnschen und m\u00f6glichen Terminen.[\/vc_column_text][vc_btn title=&#8221;Terminanfrage senden \u00bb&#8221; style=&#8221;classic&#8221; shape=&#8221;square&#8221; color=&#8221;default&#8221; align=&#8221;left&#8221; css_animation=&#8221;fadeInDown&#8221; css=&#8221;&#8221; link=&#8221;url:mailto%3Agesund%40heikegail.ch%3Fsubject%3DKontaktanfrage&#8221;][\/vc_column][\/vc_row][\/vc_section]<\/p>\n<\/div>","protected":false},"excerpt":{"rendered":"<p>[vc_section full_width=&#8221;stretch_row&#8221; full_height=&#8221;yes&#8221; css=&#8221;.vc_custom_1753736925311{padding-bottom: 50px !important;background-color: #FFFFFF !important;}&#8221;][vc_row content_placement=&#8221;middle&#8221;][vc_column css=&#8221;.vc_custom_1562588571366{margin-top: 50px !important;margin-bottom: 70px !important;padding-right: 50px !important;padding-left: 50px !important;}&#8221;][vc_column_text css=&#8221;&#8221;] Schmerzfrei(er) bewegen = mehr Lebensqualit\u00e4t Individuelle Schmerz- und Bewegungstherapie \u2013 wissenschaftlich &hellip; <\/p>\n","protected":false},"author":1,"featured_media":5206,"parent":0,"menu_order":0,"comment_status":"closed","ping_status":"closed","template":"","meta":{"_monsterinsights_skip_tracking":false,"_monsterinsights_sitenote_active":false,"_monsterinsights_sitenote_note":"","_monsterinsights_sitenote_category":0,"footnotes":""},"class_list":["post-2658","page","type-page","status-publish","has-post-thumbnail","hentry","latest_post"],"_links":{"self":[{"href":"https:\/\/www.heikegail.ch\/index.php\/wp-json\/wp\/v2\/pages\/2658","targetHints":{"allow":["GET"]}}],"collection":[{"href":"https:\/\/www.heikegail.ch\/index.php\/wp-json\/wp\/v2\/pages"}],"about":[{"href":"https:\/\/www.heikegail.ch\/index.php\/wp-json\/wp\/v2\/types\/page"}],"author":[{"embeddable":true,"href":"https:\/\/www.heikegail.ch\/index.php\/wp-json\/wp\/v2\/users\/1"}],"replies":[{"embeddable":true,"href":"https:\/\/www.heikegail.ch\/index.php\/wp-json\/wp\/v2\/comments?post=2658"}],"version-history":[{"count":52,"href":"https:\/\/www.heikegail.ch\/index.php\/wp-json\/wp\/v2\/pages\/2658\/revisions"}],"predecessor-version":[{"id":5205,"href":"https:\/\/www.heikegail.ch\/index.php\/wp-json\/wp\/v2\/pages\/2658\/revisions\/5205"}],"wp:featuredmedia":[{"embeddable":true,"href":"https:\/\/www.heikegail.ch\/index.php\/wp-json\/wp\/v2\/media\/5206"}],"wp:attachment":[{"href":"https:\/\/www.heikegail.ch\/index.php\/wp-json\/wp\/v2\/media?parent=2658"}],"curies":[{"name":"wp","href":"https:\/\/api.w.org\/{rel}","templated":true}]}}