{"id":1822,"date":"2019-08-21T09:20:59","date_gmt":"2019-08-21T07:20:59","guid":{"rendered":"https:\/\/www.heikegail.ch\/?page_id=1822"},"modified":"2026-01-02T16:27:00","modified_gmt":"2026-01-02T15:27:00","slug":"links","status":"publish","type":"page","link":"https:\/\/www.heikegail.ch\/index.php\/praxis\/links\/","title":{"rendered":"Netzwerk &#8211; gemeinsam wirken"},"content":{"rendered":"<div class=\"wpb-content-wrapper\"><p>[vc_section full_width=&#8221;stretch_row&#8221; css=&#8221;.vc_custom_1567677488509{margin-top: 0px !important;margin-bottom: 100px !important;}&#8221;][vc_row content_placement=&#8221;middle&#8221;][vc_column css=&#8221;.vc_custom_1562588571366{margin-top: 50px !important;margin-bottom: 70px !important;padding-right: 50px !important;padding-left: 50px !important;}&#8221;][vc_column_text css=&#8221;&#8221;]<\/p>\n<h2 style=\"text-align: center;\"><strong>Meine Vernetzung zu Gesundheit und Wohlbefinden<\/strong><\/h2>\n<h3 style=\"text-align: center;\">Um die Qualit\u00e4t meiner Arbeit sicherzustellen, bin ich Mitglied in verschiedenen Verb\u00e4nden und Organisationen und bilde mich regelm\u00e4ssig weiter.<\/h3>\n<p>[\/vc_column_text][\/vc_column][\/vc_row][vc_row][vc_column width=&#8221;1\/2&#8243; css=&#8221;.vc_custom_1562662735552{margin-bottom: 30px !important;}&#8221;][vc_column_text css=&#8221;&#8221;]<\/p>\n<h3 style=\"text-align: left;\"><strong>gemeinsam. wirken. wir.<br \/>\n<\/strong><\/h3>\n<p>&nbsp;<\/p>\n<p><a href=\"https:\/\/achtsamkeit.swiss\/\"><strong><span style=\"color: #808080;\">Akademie f\u00fcr Achtsamkeit<\/span><\/strong><\/a><\/p>\n<p><span style=\"color: #808080;\"><a style=\"color: #808080;\" href=\"https:\/\/polarity-schweiz.ch\/\"><strong>Polarity Verband Schweiz<\/strong><\/a><\/span><\/p>\n<p><span style=\"color: #808080;\"><strong><a style=\"color: #808080;\" href=\"https:\/\/www.skiss.ch\/\">SKISS<\/a><\/strong> (Design und Kommunikation)<\/span>[\/vc_column_text][vc_column_text][\/vc_column_text][\/vc_column][vc_column width=&#8221;1\/2&#8243;][vc_column_text css=&#8221;&#8221;]<\/p>\n<p><a href=\"https:\/\/yoga-mit-leichtigkeit.ch\/\"><strong><span style=\"color: #999999;\"><span style=\"color: #808080;\">Yoga mit Leichtigkeit<\/span><\/span><\/strong><\/a><\/p>\n<p><a href=\"https:\/\/www.kinebachmann.ch\/\"><strong><span style=\"color: #999999;\"><span style=\"color: #808080;\">Kinesiologie und <\/span><span class=\"kaestchenContent\"><span class=\"kastenText\"><span style=\"color: #808080;\">Somatic Experiencing nach Peter Levine<\/span><\/span><\/span><\/span><\/strong><\/a><\/p>\n<p><a href=\"https:\/\/www.yvonneblum.ch\/\"><span style=\"color: #808080;\"><strong>Craniosacraltherapie und Trauerbegleitung<\/strong><\/span><\/a><\/p>\n<p><span style=\"color: #808080;\"><strong><a style=\"color: #808080;\" href=\"https:\/\/www.zlen.ch\/\">Zimmerli Life Engineering &#8211; Empower your life<\/a><\/strong><\/span>[\/vc_column_text][\/vc_column][\/vc_row][\/vc_section][vc_section full_width=&#8221;stretch_row&#8221; css=&#8221;.vc_custom_1562600942568{padding-top: 50px !important;padding-bottom: 40px !important;background-color: #662483 !important;}&#8221; el_class=&#8221;boxNegativ&#8221;][vc_row][vc_column][vc_column_text css=&#8221;.vc_custom_1754902680124{margin-bottom: 50px !important;padding-right: 50px !important;padding-left: 50px !important;}&#8221; el_class=&#8221;negativ&#8221;]<\/p>\n<h3 style=\"text-align: center;\">Wo viele sich vereinigen, da w\u00e4chst die Kraft.<\/h3>\n<p style=\"text-align: center;\">im Sinne der Philosophie von Seneca<\/p>\n<p>[\/vc_column_text][\/vc_column][\/vc_row][\/vc_section][vc_row full_width=&#8221;stretch_row_content_no_spaces&#8221; css=&#8221;.vc_custom_1562595857753{margin-top: 0px !important;padding-top: 0px !important;background-position: center !important;background-repeat: no-repeat !important;background-size: cover !important;}&#8221;][vc_column css=&#8221;.vc_custom_1562595845583{margin-top: 0px !important;padding-top: 0px !important;}&#8221;][\/vc_column][\/vc_row]<\/p>\n<\/div>","protected":false},"excerpt":{"rendered":"<p>[vc_section full_width=&#8221;stretch_row&#8221; css=&#8221;.vc_custom_1567677488509{margin-top: 0px !important;margin-bottom: 100px !important;}&#8221;][vc_row content_placement=&#8221;middle&#8221;][vc_column css=&#8221;.vc_custom_1562588571366{margin-top: 50px !important;margin-bottom: 70px !important;padding-right: 50px !important;padding-left: 50px !important;}&#8221;][vc_column_text css=&#8221;&#8221;] Meine Vernetzung zu Gesundheit und Wohlbefinden Um die Qualit\u00e4t meiner Arbeit sicherzustellen, &hellip; <\/p>\n","protected":false},"author":1,"featured_media":3629,"parent":955,"menu_order":0,"comment_status":"closed","ping_status":"closed","template":"","meta":{"_monsterinsights_skip_tracking":false,"_monsterinsights_sitenote_active":false,"_monsterinsights_sitenote_note":"","_monsterinsights_sitenote_category":0,"footnotes":""},"class_list":["post-1822","page","type-page","status-publish","has-post-thumbnail","hentry","latest_post"],"_links":{"self":[{"href":"https:\/\/www.heikegail.ch\/index.php\/wp-json\/wp\/v2\/pages\/1822","targetHints":{"allow":["GET"]}}],"collection":[{"href":"https:\/\/www.heikegail.ch\/index.php\/wp-json\/wp\/v2\/pages"}],"about":[{"href":"https:\/\/www.heikegail.ch\/index.php\/wp-json\/wp\/v2\/types\/page"}],"author":[{"embeddable":true,"href":"https:\/\/www.heikegail.ch\/index.php\/wp-json\/wp\/v2\/users\/1"}],"replies":[{"embeddable":true,"href":"https:\/\/www.heikegail.ch\/index.php\/wp-json\/wp\/v2\/comments?post=1822"}],"version-history":[{"count":33,"href":"https:\/\/www.heikegail.ch\/index.php\/wp-json\/wp\/v2\/pages\/1822\/revisions"}],"predecessor-version":[{"id":6461,"href":"https:\/\/www.heikegail.ch\/index.php\/wp-json\/wp\/v2\/pages\/1822\/revisions\/6461"}],"up":[{"embeddable":true,"href":"https:\/\/www.heikegail.ch\/index.php\/wp-json\/wp\/v2\/pages\/955"}],"wp:featuredmedia":[{"embeddable":true,"href":"https:\/\/www.heikegail.ch\/index.php\/wp-json\/wp\/v2\/media\/3629"}],"wp:attachment":[{"href":"https:\/\/www.heikegail.ch\/index.php\/wp-json\/wp\/v2\/media?parent=1822"}],"curies":[{"name":"wp","href":"https:\/\/api.w.org\/{rel}","templated":true}]}}