{"id":1804,"date":"2019-08-21T09:10:45","date_gmt":"2019-08-21T07:10:45","guid":{"rendered":"https:\/\/www.heikegail.ch\/?page_id=1804"},"modified":"2025-08-23T12:41:21","modified_gmt":"2025-08-23T10:41:21","slug":"massage","status":"publish","type":"page","link":"https:\/\/www.heikegail.ch\/index.php\/praxis\/behandlungsmethoden\/massage\/","title":{"rendered":"Aromamassage &#8211; Entspannung f\u00fcr K\u00f6rper &#038; Geist"},"content":{"rendered":"<div class=\"wpb-content-wrapper\"><p>[vc_section full_width=&#8221;stretch_row&#8221; css=&#8221;.vc_custom_1567673528567{margin-top: 0px !important;margin-bottom: 100px !important;}&#8221;][vc_row content_placement=&#8221;middle&#8221;][vc_column css=&#8221;.vc_custom_1562588571366{margin-top: 50px !important;margin-bottom: 70px !important;padding-right: 50px !important;padding-left: 50px !important;}&#8221;][vc_column_text css=&#8221;&#8221;]<\/p>\n<h2 style=\"text-align: center;\">Harmonische Auszeit f\u00fcr K\u00f6rper, Geist und Seele<\/h2>\n<h3 style=\"text-align: center;\">Sanfte heilsame Ber\u00fchrungen und ganzheitliche Massagetechniken kombiniert mit der Aromatherapie stimulieren das Wohlbefinden des ganzen K\u00f6rpers, des Geistes und der Seele.<\/h3>\n<p>[\/vc_column_text][\/vc_column][\/vc_row][vc_row][vc_column css=&#8221;.vc_custom_1562662735552{margin-bottom: 30px !important;}&#8221;][vc_column_text css=&#8221;&#8221;]<strong>Aromamassage <\/strong><\/p>\n<p>Bei dieser Massage werden naturreine heilsame \u00e4therische \u00d6le wie Rose, Lavendel, Weihrauch etc. in Tr\u00e4ger\u00f6le wie Mandel\u00f6l, Aprikosenkern\u00f6l, Avocad\u00f6l verwendet. Du w\u00e4hlst dazu die \u00e4therischen D\u00fcfte nach eigenem Gutbefinden oder es werden \u00d6le je nach k\u00f6rperlichen\/seelischen Themen empfohlen. Dazu wird eine Auswahl an \u00e4therischen \u00d6len angeboten, welche sich bew\u00e4hrt haben.[\/vc_column_text][\/vc_column][\/vc_row][vc_row][vc_column width=&#8221;1\/2&#8243;][vc_column_text css=&#8221;.vc_custom_1754508322892{margin-bottom: 30px !important;}&#8221;]<strong>Schr\u00f6pfmassage mit Aroma\u00f6len<\/strong><\/p>\n<p>Eine sanfte Methode zur Entspannung ist die Schr\u00f6pfkopfmassage. Sie wirkt wunderbar bei Verspannungen der Muskulatur \u2013 h\u00e4ufig vorkommend an Nacken- oder Schultermuskulatur.<\/p>\n<p>Bei der Schr\u00f6pfkopfmassage wird zuerst die betroffene K\u00f6rperregion mit \u00d6l eingerieben, anschliessend wird das Schr\u00f6pfgef\u00e4ss entlang der verspannten Region gezogen.<\/p>\n<p>Menschen, die sich eine Auszeit g\u00f6nnen, empfinden die Massage als angenehm und vitalisierend.[\/vc_column_text][\/vc_column][vc_column width=&#8221;1\/2&#8243;][vc_column_text css=&#8221;.vc_custom_1754508331183{margin-bottom: 30px !important;}&#8221;]<strong>Schr\u00f6pfen<\/strong><\/p>\n<p>Schr\u00f6pfen ist eine Methode, die zur Schmerzlinderung und zur Entspannung der Muskulatur eingesetzt werden kann.<\/p>\n<p>Sie f\u00f6rdert Ihre Durchblutung und regt den Stoffwechsel an. Das Gewebe wird so gelockert und kann sich entspannen.[\/vc_column_text][\/vc_column][\/vc_row][\/vc_section][vc_section full_width=&#8221;stretch_row&#8221; css=&#8221;.vc_custom_1566388609451{padding-top: 50px !important;padding-bottom: 40px !important;background-color: #fffdea !important;}&#8221; el_class=&#8221;boxNegativ&#8221;][vc_row][vc_column][vc_column_text css=&#8221;.vc_custom_1755945678905{margin-bottom: 50px !important;padding-right: 50px !important;padding-left: 50px !important;}&#8221; el_class=&#8221;negativ&#8221;]<\/p>\n<h3 style=\"text-align: center;\"><span style=\"color: #662483;\">\u00abDie Aromamassage ist f\u00fcr mich eine kleine Auszeit, die lange nachwirkt und<\/span><br \/>\n<span style=\"color: #662483;\">mir Kraft und wohlbefinden schenkt.\u00bb<\/span><\/h3>\n<p>[\/vc_column_text][\/vc_column][\/vc_row][\/vc_section]<\/p>\n<\/div>","protected":false},"excerpt":{"rendered":"<p>[vc_section full_width=&#8221;stretch_row&#8221; css=&#8221;.vc_custom_1567673528567{margin-top: 0px !important;margin-bottom: 100px !important;}&#8221;][vc_row content_placement=&#8221;middle&#8221;][vc_column css=&#8221;.vc_custom_1562588571366{margin-top: 50px !important;margin-bottom: 70px !important;padding-right: 50px !important;padding-left: 50px !important;}&#8221;][vc_column_text css=&#8221;&#8221;] Harmonische Auszeit f\u00fcr K\u00f6rper, Geist und Seele Sanfte heilsame Ber\u00fchrungen und ganzheitliche &hellip; <\/p>\n","protected":false},"author":1,"featured_media":1719,"parent":1802,"menu_order":0,"comment_status":"closed","ping_status":"closed","template":"","meta":{"_monsterinsights_skip_tracking":false,"_monsterinsights_sitenote_active":false,"_monsterinsights_sitenote_note":"","_monsterinsights_sitenote_category":0,"footnotes":""},"class_list":["post-1804","page","type-page","status-publish","has-post-thumbnail","hentry","latest_post"],"_links":{"self":[{"href":"https:\/\/www.heikegail.ch\/index.php\/wp-json\/wp\/v2\/pages\/1804","targetHints":{"allow":["GET"]}}],"collection":[{"href":"https:\/\/www.heikegail.ch\/index.php\/wp-json\/wp\/v2\/pages"}],"about":[{"href":"https:\/\/www.heikegail.ch\/index.php\/wp-json\/wp\/v2\/types\/page"}],"author":[{"embeddable":true,"href":"https:\/\/www.heikegail.ch\/index.php\/wp-json\/wp\/v2\/users\/1"}],"replies":[{"embeddable":true,"href":"https:\/\/www.heikegail.ch\/index.php\/wp-json\/wp\/v2\/comments?post=1804"}],"version-history":[{"count":33,"href":"https:\/\/www.heikegail.ch\/index.php\/wp-json\/wp\/v2\/pages\/1804\/revisions"}],"predecessor-version":[{"id":5147,"href":"https:\/\/www.heikegail.ch\/index.php\/wp-json\/wp\/v2\/pages\/1804\/revisions\/5147"}],"up":[{"embeddable":true,"href":"https:\/\/www.heikegail.ch\/index.php\/wp-json\/wp\/v2\/pages\/1802"}],"wp:featuredmedia":[{"embeddable":true,"href":"https:\/\/www.heikegail.ch\/index.php\/wp-json\/wp\/v2\/media\/1719"}],"wp:attachment":[{"href":"https:\/\/www.heikegail.ch\/index.php\/wp-json\/wp\/v2\/media?parent=1804"}],"curies":[{"name":"wp","href":"https:\/\/api.w.org\/{rel}","templated":true}]}}