{"id":1661,"date":"2019-07-09T16:27:35","date_gmt":"2019-07-09T14:27:35","guid":{"rendered":"https:\/\/www.heikegail.ch\/?page_id=1661"},"modified":"2025-08-24T20:57:32","modified_gmt":"2025-08-24T18:57:32","slug":"polarity-methode","status":"publish","type":"page","link":"https:\/\/www.heikegail.ch\/index.php\/praxis\/behandlungsmethoden\/polarity-methode\/","title":{"rendered":"Polarity &#8211; K\u00f6rpertherapie"},"content":{"rendered":"<div class=\"wpb-content-wrapper\"><p>[vc_section full_width=&#8221;stretch_row&#8221; css=&#8221;.vc_custom_1688659045051{margin-top: 0px !important;margin-bottom: 50px !important;}&#8221;][vc_row content_placement=&#8221;middle&#8221; css=&#8221;.vc_custom_1753957889558{background-color: #FFFFFF !important;}&#8221;][vc_column css=&#8221;.vc_custom_1562588571366{margin-top: 50px !important;margin-bottom: 70px !important;padding-right: 50px !important;padding-left: 50px !important;}&#8221;][vc_column_text css=&#8221;&#8221;]<\/p>\n<h2 style=\"text-align: center;\">Polarity<\/h2>\n<h3 style=\"text-align: center;\">Ist eine Methode der Komplement\u00e4r-Therapie und hat ihren Ursprung in der<br \/>\nChiropraktik und der Osteopathie.<br \/>\nSie verbindet \u00f6stliche und westliche Heilmethoden.<\/h3>\n<p>[\/vc_column_text][\/vc_column][\/vc_row][vc_row][vc_column][vc_column_text css=&#8221;&#8221;]<strong>Der Polarity-Pionier<\/strong><\/p>\n<p>Dr. Randolph Stone ist der Erfinder der Polarity-Therapie. Seine Studien schloss er als Osteopath, Chiropraktiker und Arzt fu\u0308r Naturheilverfahren ab. Im Verlaufe seiner Arbeit gelangte er zur Erkenntnis, dass im Menschen selbst Heilkraft innewohnt, welche gezielt unterstu\u0308tzt und aktiviert werden kann.[\/vc_column_text][\/vc_column][\/vc_row][vc_row][vc_column width=&#8221;1\/2&#8243;][vc_column_text css=&#8221;.vc_custom_1753958362641{margin-bottom: 30px !important;}&#8221;]<strong>Die Methode<br \/>\n<\/strong><\/p>\n<p>Polarity ist eine umfassende Behandlungs\u00admethode. Sie geht den Ursachen von Blockaden auf den Grund. Sie unterstu\u0308tzt den natu\u0308rlichen Energiefluss im K\u00f6rper und regt so die Selbstregulierungskr\u00e4fte an.<\/p>\n<p><strong>Hinweis:<br \/>\n<\/strong>Die Behandlungen erfolgen u\u0308ber leichter, bequemer Kleidung im Liegen oder auf einem Stuhl.<br \/>\n<strong><br \/>\nEine Methode fu\u0308r Erwachsene und Kindern in jedem Alter.<\/strong>[\/vc_column_text][\/vc_column][vc_column width=&#8221;1\/2&#8243;][vc_column_text css=&#8221;.vc_custom_1753958078273{margin-bottom: 30px !important;}&#8221;]<\/p>\n<p style=\"text-align: left;\"><strong>Die Wirkung<\/strong><\/p>\n<ul>\n<li style=\"text-align: left;\">l\u00f6st Verspannungen und Blockaden<\/li>\n<li style=\"text-align: left;\">f\u00f6rdert die Selbstwahrnehumg<\/li>\n<li style=\"text-align: left;\">fu\u0308hrt zu mehr Gelassenheit<\/li>\n<li style=\"text-align: left;\">fu\u0308hrt zu mehr Klarheit<\/li>\n<li style=\"text-align: left;\">steigert die Vitalit\u00e4t<\/li>\n<li style=\"text-align: left;\">wirkt beruhigend oder anregend<\/li>\n<li style=\"text-align: left;\">st\u00e4rkt und kr\u00e4ftigt den K\u00f6rper<\/li>\n<li style=\"text-align: left;\">aktiviert die Selbstheilungskr\u00e4fte<\/li>\n<\/ul>\n<p>[\/vc_column_text][\/vc_column][\/vc_row][\/vc_section][vc_section full_width=&#8221;stretch_row&#8221; css=&#8221;.vc_custom_1754640850445{padding-top: 40px !important;padding-bottom: 40px !important;background-color: #FFFDF0 !important;}&#8221;][vc_row][vc_column width=&#8221;1\/2&#8243;][vc_single_image image=&#8221;2766&#8243; img_size=&#8221;full&#8221; css=&#8221;.vc_custom_1621539467550{margin-bottom: 40px !important;}&#8221;][vc_column_text][\/vc_column_text][\/vc_column][vc_column width=&#8221;1\/2&#8243; css=&#8221;.vc_custom_1562602547178{margin-bottom: 20px !important;}&#8221;][vc_column_text]<\/p>\n<h2 style=\"text-align: left;\">Die f\u00fcnf Polarity Themen<\/h2>\n<p>&nbsp;<\/p>\n<p><strong>Achtsamkeit<\/strong><\/p>\n<p>Die Grundlage meiner therapeutischen T\u00e4tigkeit beruht auf Aufmerksamkeit, Achtsamkeit und Empathie. Die Klienten die sich mir anvertrauen, werden in einem offenen und liebevollen Raum f\u00fcr gegenseitiges Vertrauen empfangen.<\/p>\n<p><strong>Gespr\u00e4ch\u00a0 <\/strong><\/p>\n<p>Im begleitenden Gespr\u00e4ch gehen wir gemeinsam, dem innewohnenden Potenzial, den Ressourcen auf die Spur, um dieses zu entfalten oder zu entwickeln. So lernen sie Verantwortung f\u00fcr sich zu \u00fcbernehmen und ein Selbstbestimmtes Leben zu f\u00fchren.<\/p>\n<p><strong>K\u00f6rperarbeit<\/strong><\/p>\n<p>Sanfte Ber\u00fchrungen, Schaukelbewegungen und spezielle Dehn- und Drucktechniken, meist am bekleideten K\u00f6rper helfen Energieblockaden zu l\u00f6sen und den K\u00f6rper bewusster, befreiter und leichter wahrzunehmen<\/p>\n<p><strong>Bewegung<\/strong><\/p>\n<p>Vitalisierende K\u00f6rper\u00fcbungen, leichte Streckungen und einfache Bewegungsabl\u00e4ufe, welche dazu dienen, die Selbstheilungskr\u00e4fte zu aktivieren, Freude zu machen und uns Zeit und Raum f\u00fcr uns schenken.<\/p>\n<p><strong>Ern\u00e4hrung<\/strong><\/p>\n<p>Die Achtsamkeit im Umgang mit meinem K\u00f6rper bezieht sich auch die Nahrung. Gute reine Lebensmittel (saisonal, regional) sind essenzielle N\u00e4hrstoffe, sie versorgen uns mit Sonnen- und Lebensenergie. Gerne begleite und berate ich dich bei einer gesunden Auswahl an Lebensmitteln, oder einer sanften Reinigungskur, die dich und dein Immunsystem st\u00e4rken.[\/vc_column_text][\/vc_column][\/vc_row][\/vc_section][vc_section full_width=&#8221;stretch_row&#8221; css=&#8221;.vc_custom_1562600942568{padding-top: 50px !important;padding-bottom: 40px !important;background-color: #662483 !important;}&#8221; el_class=&#8221;boxNegativ&#8221;][vc_row][vc_column][vc_column_text css_animation=&#8221;none&#8221; css=&#8221;.vc_custom_1755945544003{margin-bottom: 50px !important;padding-right: 50px !important;padding-left: 50px !important;}&#8221; el_class=&#8221;negativ&#8221;]<\/p>\n<h3 style=\"text-align: center;\">\u00abNach der Behandlung f\u00fchlte ich mich sehr entspannt, geerdet und wieder ganz bei mir.<br \/>\nDieses wunderbare Gef\u00fchl m\u00f6chte ich mir \u00f6fters g\u00f6nnen.\u00bb<\/h3>\n<p>[\/vc_column_text][\/vc_column][\/vc_row][\/vc_section]<\/p>\n<\/div>","protected":false},"excerpt":{"rendered":"<p>[vc_section full_width=&#8221;stretch_row&#8221; css=&#8221;.vc_custom_1688659045051{margin-top: 0px !important;margin-bottom: 50px !important;}&#8221;][vc_row content_placement=&#8221;middle&#8221; css=&#8221;.vc_custom_1753957889558{background-color: #FFFFFF !important;}&#8221;][vc_column css=&#8221;.vc_custom_1562588571366{margin-top: 50px !important;margin-bottom: 70px !important;padding-right: 50px !important;padding-left: 50px !important;}&#8221;][vc_column_text css=&#8221;&#8221;] Polarity Ist eine Methode der Komplement\u00e4r-Therapie und hat ihren &hellip; <\/p>\n","protected":false},"author":1,"featured_media":1594,"parent":1802,"menu_order":0,"comment_status":"closed","ping_status":"closed","template":"","meta":{"_monsterinsights_skip_tracking":false,"_monsterinsights_sitenote_active":false,"_monsterinsights_sitenote_note":"","_monsterinsights_sitenote_category":0,"footnotes":""},"class_list":["post-1661","page","type-page","status-publish","has-post-thumbnail","hentry","latest_post"],"_links":{"self":[{"href":"https:\/\/www.heikegail.ch\/index.php\/wp-json\/wp\/v2\/pages\/1661","targetHints":{"allow":["GET"]}}],"collection":[{"href":"https:\/\/www.heikegail.ch\/index.php\/wp-json\/wp\/v2\/pages"}],"about":[{"href":"https:\/\/www.heikegail.ch\/index.php\/wp-json\/wp\/v2\/types\/page"}],"author":[{"embeddable":true,"href":"https:\/\/www.heikegail.ch\/index.php\/wp-json\/wp\/v2\/users\/1"}],"replies":[{"embeddable":true,"href":"https:\/\/www.heikegail.ch\/index.php\/wp-json\/wp\/v2\/comments?post=1661"}],"version-history":[{"count":62,"href":"https:\/\/www.heikegail.ch\/index.php\/wp-json\/wp\/v2\/pages\/1661\/revisions"}],"predecessor-version":[{"id":5202,"href":"https:\/\/www.heikegail.ch\/index.php\/wp-json\/wp\/v2\/pages\/1661\/revisions\/5202"}],"up":[{"embeddable":true,"href":"https:\/\/www.heikegail.ch\/index.php\/wp-json\/wp\/v2\/pages\/1802"}],"wp:featuredmedia":[{"embeddable":true,"href":"https:\/\/www.heikegail.ch\/index.php\/wp-json\/wp\/v2\/media\/1594"}],"wp:attachment":[{"href":"https:\/\/www.heikegail.ch\/index.php\/wp-json\/wp\/v2\/media?parent=1661"}],"curies":[{"name":"wp","href":"https:\/\/api.w.org\/{rel}","templated":true}]}}