{"id":1579,"date":"2019-07-08T14:29:36","date_gmt":"2019-07-08T12:29:36","guid":{"rendered":"https:\/\/www.heikegail.ch\/?page_id=1579"},"modified":"2025-08-22T08:20:30","modified_gmt":"2025-08-22T06:20:30","slug":"home-2019","status":"publish","type":"page","link":"https:\/\/www.heikegail.ch\/","title":{"rendered":"Home 2025"},"content":{"rendered":"<div class=\"wpb-content-wrapper\"><p>[vc_section full_width=&#8221;stretch_row_content&#8221; content_placement=&#8221;middle&#8221; css=&#8221;.vc_custom_1749024869772{margin-top: 0px !important;margin-right: 0px !important;margin-left: 0px !important;padding-top: 0px !important;padding-bottom: 0px !important;background: #662483 url(https:\/\/gesund.heikegail.ch\/wp-content\/uploads\/2019\/08\/st_schmetterling.jpg?id=1839) !important;background-position: center !important;background-repeat: no-repeat !important;background-size: cover !important;}&#8221; el_class=&#8221;boxNegativ&#8221; min_height=&#8221;400&#8243;][vc_row][vc_column][vc_column_text css=&#8221;.vc_custom_1749025032488{margin-right: 100px !important;}&#8221;]<\/p>\n<h1 style=\"text-align: right;\"><span style=\"color: #ffffff;\">Gesundheit und<\/span><br \/>\n<span style=\"color: #ffffff;\">Lebenskraft<\/span><\/h1>\n<p>[\/vc_column_text][\/vc_column][\/vc_row][\/vc_section][vc_section full_width=&#8221;stretch_row&#8221; full_height=&#8221;yes&#8221; content_placement=&#8221;top&#8221;][vc_row content_placement=&#8221;top&#8221; css=&#8221;.vc_custom_1688652773496{margin-bottom: 50px !important;}&#8221;][vc_column css=&#8221;.vc_custom_1688652755243{margin-top: 50px !important;border-bottom-width: 50px !important;padding-right: 30px !important;padding-left: 30px !important;}&#8221;][vc_column_text css=&#8221;&#8221;]<\/p>\n<h2 style=\"text-align: center;\">Gesundheit im Gleichgewicht.<\/h2>\n<h3 style=\"text-align: center;\">Den wahren Wert von Gesundheit erfahren wir oft erst, wenn wir krank werden. Dann erkennen wir, wie selbstverst\u00e4ndlich es ist, uns schmerzfrei zu bewegen.<\/h3>\n<p>[\/vc_column_text][\/vc_column][\/vc_row][vc_row gap=&#8221;15&#8243; equal_height=&#8221;yes&#8221;][vc_column width=&#8221;1\/3&#8243; css=&#8221;.vc_custom_1688657956560{padding-top: 30px !important;padding-right: 30px !important;padding-bottom: 30px !important;padding-left: 30px !important;background-color: #e9e1f1 !important;}&#8221;][vc_column_text css=&#8221;&#8221; el_class=&#8221;boxVioletteSchrift&#8221;]<\/p>\n<h4>Frei von Schmerzen dank Liebscher &amp; Bracht Training<\/h4>\n<p>&nbsp;<\/p>\n<p>Die meisten Schmerz-Zust\u00e4nde gehen auf \u00fcberspannte Muskeln und Faszien zur\u00fcck. Lerne die \u00dcbungen, die bei Verspannungen helfen, kennen und durchf\u00fchren. Viele Beschwerden werden dadurch reduziert oder komplett beseitigt. Als Gruppenkurs oder Einzel\u00adbehandlung m\u00f6glich.[\/vc_column_text][vc_btn title=&#8221;zu den Kursdaten \u00bb&#8221; style=&#8221;flat&#8221; shape=&#8221;round&#8221; color=&#8221;theme_style_1&#8243; size=&#8221;xs&#8221; css_animation=&#8221;none&#8221; css=&#8221;.vc_custom_1688659280955{margin-top: 20px !important;}&#8221; link=&#8221;url:https%3A%2F%2Fwww.heikegail.ch%2Findex.php%2Fengpassdehnuebungen-faszienrollmassage%2F|||&#8221;][\/vc_column][vc_column width=&#8221;1\/3&#8243; css=&#8221;.vc_custom_1688657967043{padding-top: 30px !important;padding-right: 30px !important;padding-bottom: 30px !important;padding-left: 30px !important;background-color: #662483 !important;}&#8221;][vc_column_text el_class=&#8221;boxWeisseSchrift&#8221;]<\/p>\n<h4>Fasten- und Reinigungskur 19. Mai bis 31. Mai 2025<\/h4>\n<p>Fasten ist mehr als nichts essen. Auszeit f\u00fcr K\u00f6rper und Geist. Bewusster Verzicht auf Nahrung hat etwas mit dem Aufbrechen von gewohnten Denk- und Verhaltensmustern zu tun. Am besten gelingt dies in Gemeinschaft mit Gleichgesinnten oder in einer ruhigen nat\u00fcrlicher Umgebung.[\/vc_column_text][vc_btn title=&#8221;zur Fastenwoche \u00bb&#8221; style=&#8221;flat&#8221; shape=&#8221;round&#8221; color=&#8221;theme_style_1&#8243; size=&#8221;xs&#8221; css=&#8221;.vc_custom_1715853363525{margin-top: 20px !important;}&#8221; link=&#8221;url:https%3A%2F%2Fwww.heikegail.ch%2Findex.php%2Fbewusster-verzicht-mit-grosser-wirkung%2F|||&#8221;][\/vc_column][vc_column width=&#8221;1\/3&#8243; css=&#8221;.vc_custom_1688657985644{margin-bottom: 0px !important;padding-top: 30px !important;padding-right: 30px !important;padding-bottom: 30px !important;padding-left: 30px !important;background-color: #fffdea !important;}&#8221;][vc_column_text el_class=&#8221;boxVioletteSchrift&#8221;]<\/p>\n<h4><strong>Neues Angebot ab 2025<br \/>\n<\/strong><\/h4>\n<p><strong>Resilienztraining\/Achtsamkeit Privat und im Beruf<br \/>\n<\/strong><\/p>\n<div id=\"header\">\n<div class=\"header_img\">\n<div class=\"slogan_wrapper\">\n<p class=\"slogan\"><span style=\"color: #808080;\"><em><span class=\"first\">Wir k\u00f6nnen den Wind nicht \u00e4ndern,<\/span> <span class=\"second\">aber die Segel anders setzen.<\/span> <\/em><em><span class=\"author\">Aristoteles<\/span><\/em><\/span><\/p>\n<p>F\u00fcr Einzelpersonen und Teams.<\/p>\n<\/div>\n<\/div>\n<\/div>\n<p>Sie entwickeln Ihre Widerstandskraft, lernen Ressourcen kennen und bauen bewusst Energietankstellen auf.<\/p>\n<p>In Form von Trainingsprogrammen, Beratungen, Workshops.[\/vc_column_text][vc_btn title=&#8221;direkt zum Resilienz &amp; Achtsamkeitstraining \u00bb&#8221; style=&#8221;flat&#8221; shape=&#8221;round&#8221; color=&#8221;theme_style_1&#8243; size=&#8221;xs&#8221; css=&#8221;.vc_custom_1720285407448{margin-top: 20px !important;}&#8221; link=&#8221;url:https%3A%2F%2Fwww.heikegail.ch%2Findex.php%2Fachtsamkeit-und-meditation%2F|||&#8221;][\/vc_column][\/vc_row][vc_row][vc_column][vc_separator color=&#8221;custom&#8221; border_width=&#8221;2&#8243; css=&#8221;.vc_custom_1562589673272{margin-top: 20px !important;margin-bottom: 20px !important;}&#8221; accent_color=&#8221;#662483&#8243;][\/vc_column][\/vc_row][vc_row full_width=&#8221;stretch_row&#8221;][vc_column css=&#8221;.vc_custom_1562595417459{margin-bottom: 70px !important;}&#8221;][vc_column_text]<\/p>\n<h2 style=\"text-align: center;\"><a href=\"https:\/\/www.heikegail.ch\/index.php\/symptome\/\">Symptome<\/a><\/h2>\n<p style=\"text-align: center;\"><a href=\"https:\/\/www.heikegail.ch\/index.php\/symptome\/#1567085138342-c7a1074b-401c\">\u00dcberbelastung<\/a> \u2022 <a href=\"https:\/\/www.heikegail.ch\/index.php\/symptome\/#1567087064617-145b4d1b-af80\">Stress<\/a> \u2022 <a href=\"https:\/\/www.heikegail.ch\/index.php\/symptome\/#1567085380818-5f30d1a4-b42a\">Ersch\u00f6pfung<\/a> \u2022 <a href=\"https:\/\/www.heikegail.ch\/index.php\/symptome\/#1562742734978-f2472278-9a25\">Schlafst\u00f6rungen<\/a> \u2022 <a href=\"https:\/\/www.heikegail.ch\/index.php\/symptome\/#1562743968646-f970ff71-b2fd\">Nacken-, Schulter- und Gelenkschmerzen<\/a> \u2022 <a href=\"https:\/\/www.heikegail.ch\/index.php\/symptome\/#1562748983504-ba4d0603-cb56\">Wechseljahrbeschwerden<\/a> \u2022 <a href=\"https:\/\/www.heikegail.ch\/index.php\/symptome\/#1562679233715-3c9b14c7-8ba6\">Monatsbeschwerden<\/a> \u2022 <a href=\"https:\/\/www.heikegail.ch\/index.php\/symptome\/#1566379998040-28fe4363-fe59\">Kopfschmerzen <\/a>\u2022 <a href=\"https:\/\/www.heikegail.ch\/index.php\/symptome\/#1566859090706-a09e9b39-310f\">R\u00fcckenbeschwerden <\/a>\u2022 <a href=\"https:\/\/www.heikegail.ch\/index.php\/symptome\/#1567086584877-8f3486a5-7e73\">Migr\u00e4ne<\/a> \u2022 <a href=\"https:\/\/www.heikegail.ch\/index.php\/symptome\/#1566859089118-c62cc145-2bea\">psychosomatischen Beschwerden<\/a> \u2022 <a href=\"https:\/\/www.heikegail.ch\/index.php\/symptome\/#1566859173498-c012c2fc-4a6f\">chronischen Schmerzen<\/a>\u00a0 \u2022 Gesundheit erhalten \u2022 Entspannung und Wohlbefinden \u2022 F\u00f6rderung der Selbstwahrnehmung \u2022 Wunsch nach Ver\u00e4nderung<\/p>\n<p>[\/vc_column_text][vc_btn title=&#8221;alle Symptome \u00bb&#8221; style=&#8221;flat&#8221; shape=&#8221;round&#8221; color=&#8221;theme_style_1&#8243; size=&#8221;xs&#8221; align=&#8221;center&#8221; css=&#8221;.vc_custom_1688653318309{margin-top: 20px !important;}&#8221; link=&#8221;url:https%3A%2F%2Fwww.heikegail.ch%2Findex.php%2Fsymptome%2F|||&#8221;][\/vc_column][\/vc_row][\/vc_section][vc_section full_width=&#8221;stretch_row&#8221; css=&#8221;.vc_custom_1566416258307{padding-top: 30px !important;padding-bottom: 40px !important;background-color: #662483 !important;}&#8221; el_class=&#8221;boxNegativ&#8221;][vc_row][vc_column][vc_column_text css=&#8221;.vc_custom_1688659198304{margin-bottom: 50px !important;padding-right: 50px !important;padding-left: 50px !important;}&#8221; el_class=&#8221;negativ&#8221;]<\/p>\n<h2 style=\"text-align: center;\"><a href=\"https:\/\/www.heikegail.ch\/index.php\/kurse\/\">Kurse \u00bb<\/a><\/h2>\n<h3 style=\"text-align: center;\">Gewinnen Sie Zeit und Musse zur\u00fcck und entwickeln Sie neue Perspektiven.<br \/>\nNehmen Sie Abstand von Ihrem Alltag, um zu entspannen, um mehr Lebensfreude, Klarheit, Vitalit\u00e4t, Gelassenheit und Gesundheit zu erfahren.<\/h3>\n<p>[\/vc_column_text][\/vc_column][\/vc_row][\/vc_section][vc_section full_width=&#8221;stretch_row&#8221; css=&#8221;.vc_custom_1562595710368{padding-top: 40px !important;padding-bottom: 40px !important;background-color: #fffdea !important;}&#8221;][vc_row][vc_column width=&#8221;1\/2&#8243;][vc_single_image image=&#8221;2720&#8243; img_size=&#8221;medium&#8221; css=&#8221;.vc_custom_1599480463556{margin-bottom: 40px !important;}&#8221;][vc_column_text css=&#8221;.vc_custom_1567860553486{margin-right: 50px !important;}&#8221;]Es ist mein Ziel Menschen auf ihren individuellen, unterschiedlichsten Wegen zum Gesundwerden und Gesundsein zu begleiten.<br \/>\nBuchen Sie online einen Termin oder rufen Sie mich an.<\/p>\n<p>Telefon 079 795 51 69<\/p>\n<p>&nbsp;<\/p>\n<p><strong>Praxiszeiten<\/strong><br \/>\nnach Vereinbarung[\/vc_column_text][\/vc_column][vc_column width=&#8221;1\/2&#8243;][vc_column_text]<\/p>\n<h2>Online Terminanfrage<\/h2>\n<p>Sie m\u00f6chten einen Termin abmachen?<br \/>\nSenden Sie ein kurzes Mail mit Ihren W\u00fcnschen und m\u00f6glichen Terminen.[\/vc_column_text][vc_btn title=&#8221;Terminanfrage senden \u00bb&#8221; style=&#8221;flat&#8221; color=&#8221;theme_style_1&#8243; i_icon_fontawesome=&#8221;fa fa-calendar&#8221; css=&#8221;.vc_custom_1736872708547{margin-top: 20px !important;}&#8221; add_icon=&#8221;true&#8221; link=&#8221;url:mailto%3Agesund%40heikegail.ch%3Fsubject%3DTerminanfrage|||&#8221;][\/vc_column][\/vc_row][\/vc_section][vc_row full_width=&#8221;stretch_row_content_no_spaces&#8221; css=&#8221;.vc_custom_1562595857753{margin-top: 0px !important;padding-top: 0px !important;background-position: center !important;background-repeat: no-repeat !important;background-size: cover !important;}&#8221;][vc_column css=&#8221;.vc_custom_1562595845583{margin-top: 0px !important;padding-top: 0px !important;}&#8221;][vc_gmaps link=&#8221;#E-8_JTNDaWZyYW1lJTIwc3JjJTNEJTIyaHR0cHMlM0ElMkYlMkZ3d3cuZ29vZ2xlLmNvbSUyRm1hcHMlMkZlbWJlZCUzRnBiJTNEJTIxMW0xOCUyMTFtMTIlMjExbTMlMjExZDI3MTEuMTc3MjM1OTYwMjYzJTIxMmQ4LjA3MTMyNjM1MTU5NTA0JTIxM2Q0Ny4xOTM1NDM0MjQzMTAxMTQlMjEybTMlMjExZjAlMjEyZjAlMjEzZjAlMjEzbTIlMjExaTEwMjQlMjEyaTc2OCUyMTRmMTMuMSUyMTNtMyUyMTFtMiUyMTFzMHg0NzkwMWZmOWExYTAzNTlkJTI1M0EweGEwNTVkNTU2ODZkY2VlNzQlMjEyc1ByYXhpcyUyQmYlMjVDMyUyNUJDciUyQktvbXBsZW1lbnQlMjVDMyUyNUE0cnRoZXJhcGllJTIxNWUwJTIxM20yJTIxMXNkZSUyMTJzY2glMjE0djE1NjI1OTIzMjMyMjAlMjE1bTIlMjExc2RlJTIxMnNjaCUyMiUyMHdpZHRoJTNEJTIyMTAwJTI1JTIyJTIwaGVpZ2h0JTNEJTIyNTAwJTIyJTIwZnJhbWVib3JkZXIlM0QlMjIwJTIyJTIwc3R5bGUlM0QlMjJib3JkZXIlM0EwJTIyJTIwYWxsb3dmdWxsc2NyZWVuJTNFJTNDJTJGaWZyYW1lJTNF&#8221; css=&#8221;.vc_custom_1562595872558{margin-top: 0px !important;padding-top: 0px !important;background-position: center !important;background-repeat: no-repeat !important;background-size: cover !important;}&#8221;][\/vc_column][\/vc_row]<\/p>\n<\/div>","protected":false},"excerpt":{"rendered":"<p>[vc_section full_width=&#8221;stretch_row_content&#8221; content_placement=&#8221;middle&#8221; css=&#8221;.vc_custom_1749024869772{margin-top: 0px !important;margin-right: 0px !important;margin-left: 0px !important;padding-top: 0px !important;padding-bottom: 0px !important;background: #662483 url(https:\/\/gesund.heikegail.ch\/wp-content\/uploads\/2019\/08\/st_schmetterling.jpg?id=1839) !important;background-position: center !important;background-repeat: no-repeat !important;background-size: cover !important;}&#8221; el_class=&#8221;boxNegativ&#8221; min_height=&#8221;400&#8243;][vc_row][vc_column][vc_column_text css=&#8221;.vc_custom_1749025032488{margin-right: 100px !important;}&#8221;] Gesundheit und &hellip; <\/p>\n","protected":false},"author":1,"featured_media":1839,"parent":0,"menu_order":0,"comment_status":"closed","ping_status":"closed","template":"","meta":{"_monsterinsights_skip_tracking":false,"_monsterinsights_sitenote_active":false,"_monsterinsights_sitenote_note":"","_monsterinsights_sitenote_category":0,"footnotes":""},"class_list":["post-1579","page","type-page","status-publish","has-post-thumbnail","hentry","latest_post"],"_links":{"self":[{"href":"https:\/\/www.heikegail.ch\/index.php\/wp-json\/wp\/v2\/pages\/1579","targetHints":{"allow":["GET"]}}],"collection":[{"href":"https:\/\/www.heikegail.ch\/index.php\/wp-json\/wp\/v2\/pages"}],"about":[{"href":"https:\/\/www.heikegail.ch\/index.php\/wp-json\/wp\/v2\/types\/page"}],"author":[{"embeddable":true,"href":"https:\/\/www.heikegail.ch\/index.php\/wp-json\/wp\/v2\/users\/1"}],"replies":[{"embeddable":true,"href":"https:\/\/www.heikegail.ch\/index.php\/wp-json\/wp\/v2\/comments?post=1579"}],"version-history":[{"count":218,"href":"https:\/\/www.heikegail.ch\/index.php\/wp-json\/wp\/v2\/pages\/1579\/revisions"}],"predecessor-version":[{"id":3904,"href":"https:\/\/www.heikegail.ch\/index.php\/wp-json\/wp\/v2\/pages\/1579\/revisions\/3904"}],"wp:featuredmedia":[{"embeddable":true,"href":"https:\/\/www.heikegail.ch\/index.php\/wp-json\/wp\/v2\/media\/1839"}],"wp:attachment":[{"href":"https:\/\/www.heikegail.ch\/index.php\/wp-json\/wp\/v2\/media?parent=1579"}],"curies":[{"name":"wp","href":"https:\/\/api.w.org\/{rel}","templated":true}]}}